{"id":2338,"date":"2024-11-28T08:37:10","date_gmt":"2024-11-28T08:37:10","guid":{"rendered":"https:\/\/crocetnous.fr\/?page_id=2338"},"modified":"2024-11-28T08:37:10","modified_gmt":"2024-11-28T08:37:10","slug":"herbe-a-chat-50g-2","status":"publish","type":"page","link":"https:\/\/crocetnous.fr\/?page_id=2338","title":{"rendered":"Herbe \u00e0 chat 50g"},"content":{"rendered":"<p><div class=\"fusion-fullwidth fullwidth-box fusion-builder-row-1 fusion-flex-container nonhundred-percent-fullwidth non-hundred-percent-height-scrolling fusion-no-small-visibility\" style=\"--awb-border-sizes-top:0px;--awb-border-sizes-bottom:0px;--awb-border-sizes-left:0px;--awb-border-sizes-right:0px;--awb-border-radius-top-left:0px;--awb-border-radius-top-right:0px;--awb-border-radius-bottom-right:0px;--awb-border-radius-bottom-left:0px;--awb-padding-top:0px;--awb-padding-right:0px;--awb-padding-bottom:0px;--awb-padding-left:0px;--awb-padding-top-medium:36px;--awb-padding-bottom-medium:20px;--awb-padding-right-small:60px;--awb-padding-left-small:60px;--awb-margin-top:0px;--awb-margin-bottom:0px;--awb-background-color:#ffffff;--awb-flex-wrap:wrap;\" ><div class=\"fusion-builder-row fusion-row fusion-flex-align-items-flex-start fusion-flex-justify-content-center fusion-flex-content-wrap\" style=\"max-width:1216.8px;margin-left: calc(-4% \/ 2 );margin-right: calc(-4% \/ 2 );\"><div class=\"fusion-layout-column fusion_builder_column fusion-builder-column-0 fusion_builder_column_3_5 3_5 fusion-flex-column fusion-animated\" style=\"--awb-bg-size:cover;--awb-width-large:60%;--awb-margin-top-large:0px;--awb-spacing-right-large:3.2%;--awb-margin-bottom-large:0px;--awb-spacing-left-large:3.2%;--awb-width-medium:80%;--awb-spacing-right-medium:2.4%;--awb-spacing-left-medium:2.4%;--awb-width-small:100%;--awb-spacing-right-small:1.92%;--awb-margin-bottom-small:32px;--awb-spacing-left-small:1.92%;\" data-animationType=\"fadeInDown\" data-animationDuration=\"1.6\" data-animationOffset=\"top-into-view\"><div class=\"fusion-column-wrapper fusion-column-has-shadow fusion-flex-justify-content-flex-start fusion-content-layout-column\"><div class=\"fusion-title title fusion-title-1 sep-underline sep-solid fusion-title-center fusion-title-text fusion-title-size-one\" style=\"--awb-text-color:var(--awb-custom_color_2);--awb-margin-top:0px;--awb-margin-bottom:20px;--awb-margin-top-small:10px;--awb-margin-right-small:0px;--awb-margin-bottom-small:10px;--awb-margin-left-small:0px;--awb-font-size:60px;\"><h1 class=\"fusion-title-heading title-heading-center fusion-responsive-typography-calculated\" style=\"font-family:&quot;Merriweather&quot;;font-style:normal;font-weight:400;margin:0;text-transform:var(--awb-typography1-text-transform);font-size:1em;--fontSize:60;line-height:1.3;\">Herbe \u00e0 chat<\/h1><\/div><\/div><\/div><\/div><\/div><div class=\"fusion-fullwidth fullwidth-box fusion-builder-row-2 fusion-flex-container nonhundred-percent-fullwidth non-hundred-percent-height-scrolling\" style=\"--awb-border-sizes-top:0px;--awb-border-sizes-bottom:0px;--awb-border-sizes-left:0px;--awb-border-sizes-right:0px;--awb-border-radius-top-left:0px;--awb-border-radius-top-right:0px;--awb-border-radius-bottom-right:0px;--awb-border-radius-bottom-left:0px;--awb-padding-top:80px;--awb-padding-right:30px;--awb-padding-bottom:80px;--awb-padding-left:30px;--awb-padding-top-medium:0px;--awb-padding-right-small:20px;--awb-padding-bottom-small:50px;--awb-padding-left-small:20px;--awb-margin-top:0px;--awb-margin-bottom:0px;--awb-background-color:#ffffff;--awb-flex-wrap:wrap;\" ><div class=\"fusion-builder-row fusion-row fusion-flex-align-items-center fusion-flex-content-wrap\" style=\"max-width:1216.8px;margin-left: calc(-4% \/ 2 );margin-right: calc(-4% \/ 2 );\"><div class=\"fusion-layout-column fusion_builder_column fusion-builder-column-1 fusion-flex-column fusion-animated\" style=\"--awb-bg-size:cover;--awb-width-large:auto;--awb-margin-top-large:0px;--awb-spacing-right-large:0%;--awb-margin-bottom-large:17px;--awb-spacing-left-large:4%;--awb-width-medium:100%;--awb-order-medium:0;--awb-spacing-right-medium:1.92%;--awb-spacing-left-medium:1.92%;--awb-width-small:100%;--awb-order-small:0;--awb-margin-top-small:0px;--awb-spacing-right-small:1.92%;--awb-margin-bottom-small:0px;--awb-spacing-left-small:1.92%;\" data-animationType=\"fadeInLeft\" data-animationDuration=\"1.6\" data-animationOffset=\"top-into-view\"><div class=\"fusion-column-wrapper fusion-column-has-shadow fusion-flex-justify-content-center fusion-content-layout-column\"><div class=\"fusion-image-element awb-imageframe-style awb-imageframe-style-above awb-imageframe-style-1\" style=\"text-align:center;--awb-caption-title-color:var(--awb-custom_color_3);--awb-max-width:300px;--awb-caption-title-font-family:&quot;Source Code Pro&quot;;--awb-caption-title-font-weight:600;--awb-caption-title-font-style:normal;--awb-caption-title-size:var(--h5_typography-font-size);--awb-caption-title-transform:var(--h5_typography-text-transform);--awb-caption-title-line-height:var(--h5_typography-line-height);--awb-caption-title-letter-spacing:var(--h5_typography-letter-spacing);\"><div class=\"awb-imageframe-caption-container sm-text-align-center\" style=\"text-align:center;\"><div class=\"awb-imageframe-caption\"><h5 class=\"awb-imageframe-caption-title\">Herbe \u00e0 chat<\/h5><\/div><\/div><span class=\" fusion-imageframe imageframe-none imageframe-1 hover-type-none\" style=\"border-radius:15px;\"><img decoding=\"async\" width=\"800\" height=\"800\" title=\"herbe-a-chat-50g\" src=\"https:\/\/crocetnous.fr\/wp-content\/uploads\/2024\/11\/herbe-a-chat-50g.webp\" data-orig-src=\"http:\/\/crocetnous.fr\/wp-content\/uploads\/2024\/11\/herbe-a-chat-50g.webp\" alt class=\"lazyload img-responsive wp-image-2340\" srcset=\"data:image\/svg+xml,%3Csvg%20xmlns%3D%27http%3A%2F%2Fwww.w3.org%2F2000%2Fsvg%27%20width%3D%27800%27%20height%3D%27800%27%20viewBox%3D%270%200%20800%20800%27%3E%3Crect%20width%3D%27800%27%20height%3D%27800%27%20fill-opacity%3D%220%22%2F%3E%3C%2Fsvg%3E\" data-srcset=\"https:\/\/crocetnous.fr\/wp-content\/uploads\/2024\/11\/herbe-a-chat-50g-200x200.webp 200w, https:\/\/crocetnous.fr\/wp-content\/uploads\/2024\/11\/herbe-a-chat-50g-400x400.webp 400w, https:\/\/crocetnous.fr\/wp-content\/uploads\/2024\/11\/herbe-a-chat-50g-600x600.webp 600w, https:\/\/crocetnous.fr\/wp-content\/uploads\/2024\/11\/herbe-a-chat-50g.webp 800w\" data-sizes=\"auto\" data-orig-sizes=\"(max-width: 1024px) 100vw, (max-width: 640px) 100vw, 800px\" \/><\/span><\/div><\/div><\/div><div class=\"fusion-layout-column fusion_builder_column fusion-builder-column-2 fusion_builder_column_2_3 2_3 fusion-flex-column fusion-flex-align-self-center fusion-animated\" style=\"--awb-padding-top-small:0px;--awb-padding-right-small:0px;--awb-padding-bottom-small:0px;--awb-padding-left-small:0px;--awb-bg-size:cover;--awb-width-large:66.666666666667%;--awb-margin-top-large:0px;--awb-spacing-right-large:12.96%;--awb-margin-bottom-large:60px;--awb-spacing-left-large:12.96%;--awb-width-medium:100%;--awb-spacing-right-medium:4.8%;--awb-spacing-left-medium:6.72%;--awb-width-small:100%;--awb-order-small:1;--awb-spacing-right-small:0%;--awb-margin-bottom-small:0px;--awb-spacing-left-small:0%;\" data-animationType=\"fadeInRight\" data-animationDuration=\"1.6\" data-animationOffset=\"top-into-view\"><div class=\"fusion-column-wrapper fusion-column-has-shadow fusion-flex-justify-content-center fusion-content-layout-column\"><div class=\"fusion-title title fusion-title-2 sep-underline sep-solid fusion-title-center fusion-title-text fusion-title-size-three\" style=\"--awb-text-color:var(--awb-custom_color_3);--awb-margin-top:10px;--awb-margin-bottom:20px;--awb-margin-top-small:10px;--awb-margin-right-small:0px;--awb-margin-bottom-small:10px;--awb-margin-left-small:0px;--awb-font-size:30px;\"><h3 class=\"fusion-title-heading title-heading-center fusion-responsive-typography-calculated\" style=\"font-family:&quot;Source Code Pro&quot;;font-style:normal;font-weight:300;margin:0;text-transform:var(--awb-typography1-text-transform);font-size:1em;--fontSize:30;--minFontSize:30;line-height:1.3;\">50g, 4,70\u20ac<\/h3><\/div><div class=\"fusion-text fusion-text-1 sm-text-align-center\" style=\"--awb-font-size:20px;--awb-line-height:1.7;--awb-letter-spacing:0px;--awb-text-transform:none;--awb-text-color:rgba(5,21,41,0.8);--awb-text-font-family:&quot;Source Code Pro&quot;;--awb-text-font-style:normal;--awb-text-font-weight:500;\"><div dir=\"auto\" style=\"text-align: left;\">\n<div dir=\"auto\">\n<p>Fabriqu\u00e9e en France et s\u00e9ch\u00e9e de sorte \u00e0 pr\u00e9server toutes ses qualit\u00e9s durablement, l\u2019herbe \u00e0 chat Les Recettes de Daniel dispose de vertus naturelles pour apaiser votre chat, mais aussi le stimuler de la meilleure fa\u00e7on.<\/p>\n<\/div>\n<\/div>\n<\/div><div style=\"text-align:center;\"><a class=\"fusion-button button-flat fusion-button-default-size button-custom fusion-button-default button-1 fusion-button-span-yes \" style=\"--awb-margin-bottom:20px;--awb-padding-top:13px;--awb-padding-right:30px;--awb-padding-bottom:13px;--awb-padding-left:30px;--button_accent_color:#ffffff;--button_border_color:#ffffff;--button_accent_hover_color:#ffffff;--button_border_hover_color:#ffffff;--button_border_width-top:0px;--button_border_width-right:0px;--button_border_width-bottom:0px;--button_border_width-left:0px;--button-border-radius-top-left:10px;--button-border-radius-top-right:10px;--button-border-radius-bottom-right:10px;--button-border-radius-bottom-left:10px;--button_gradient_top_color:var(--awb-custom_color_2);--button_gradient_bottom_color:var(--awb-custom_color_2);--button_gradient_top_color_hover:var(--awb-custom_color_3);--button_gradient_bottom_color_hover:var(--awb-custom_color_3);--button_text_transform:capitalize;--button_font_size:18px;--button_line_height:1.7;--button_typography-letter-spacing:0px;--button_typography-font-family:&quot;Source Code Pro&quot;;--button_typography-font-style:normal;--button_typography-font-weight:500;\" target=\"_self\" href=\"tel:+33659067506\"><span class=\"fusion-button-text awb-button__text awb-button__text--default\">Vous voulez \u00eatre livr\u00e9 ?<\/span><\/a><\/div><div style=\"text-align:center;\"><a class=\"fusion-button button-flat fusion-button-default-size button-custom fusion-button-default button-2 fusion-button-span-yes \" style=\"--awb-padding-top:13px;--awb-padding-right:30px;--awb-padding-bottom:13px;--awb-padding-left:30px;--button_accent_color:#ffffff;--button_border_color:#ffffff;--button_accent_hover_color:#ffffff;--button_border_hover_color:#ffffff;--button_border_width-top:0px;--button_border_width-right:0px;--button_border_width-bottom:0px;--button_border_width-left:0px;--button-border-radius-top-left:10px;--button-border-radius-top-right:10px;--button-border-radius-bottom-right:10px;--button-border-radius-bottom-left:10px;--button_gradient_top_color:#1a7ced;--button_gradient_bottom_color:#1a7ced;--button_gradient_top_color_hover:var(--awb-custom_color_2);--button_gradient_bottom_color_hover:var(--awb-custom_color_2);--button_text_transform:capitalize;--button_font_size:18px;--button_line_height:1.7;--button_typography-letter-spacing:0px;--button_typography-font-family:&quot;Source Code Pro&quot;;--button_typography-font-style:normal;--button_typography-font-weight:500;\" target=\"_self\" href=\"mailto:crocetnousroanne@gmail.com\"><span class=\"fusion-button-text awb-button__text awb-button__text--default\">Vous avez des questions ?<\/span><\/a><\/div><\/div><\/div><\/div><\/div><div class=\"fusion-fullwidth fullwidth-box fusion-builder-row-3 fusion-flex-container has-pattern-background has-mask-background nonhundred-percent-fullwidth non-hundred-percent-height-scrolling\" style=\"--awb-border-radius-top-left:0px;--awb-border-radius-top-right:0px;--awb-border-radius-bottom-right:0px;--awb-border-radius-bottom-left:0px;--awb-flex-wrap:wrap;\" ><div class=\"fusion-builder-row fusion-row fusion-flex-align-items-flex-start fusion-flex-content-wrap\" style=\"max-width:1216.8px;margin-left: calc(-4% \/ 2 );margin-right: calc(-4% \/ 2 );\"><div class=\"fusion-layout-column fusion_builder_column fusion-builder-column-3 fusion_builder_column_1_1 1_1 fusion-flex-column\" style=\"--awb-bg-size:cover;--awb-width-large:100%;--awb-margin-top-large:15px;--awb-spacing-right-large:1.92%;--awb-margin-bottom-large:15px;--awb-spacing-left-large:1.92%;--awb-width-medium:100%;--awb-order-medium:0;--awb-spacing-right-medium:1.92%;--awb-spacing-left-medium:1.92%;--awb-width-small:100%;--awb-order-small:0;--awb-spacing-right-small:1.92%;--awb-spacing-left-small:1.92%;\"><div class=\"fusion-column-wrapper fusion-column-has-shadow fusion-flex-justify-content-flex-start fusion-content-layout-column\"><div class=\"accordian fusion-accordian\" style=\"--awb-border-size:2px;--awb-icon-size:21px;--awb-content-font-size:var(--awb-typography2-font-size);--awb-content-letter-spacing:var(--awb-typography2-letter-spacing);--awb-content-text-transform:var(--awb-typography2-text-transform);--awb-content-line-height:var(--awb-typography2-line-height);--awb-icon-alignment:right;--awb-hover-color:var(--awb-custom_color_2);--awb-border-color:var(--awb-color3);--awb-background-color:var(--awb-custom_color_3);--awb-divider-color:var(--awb-color3);--awb-divider-hover-color:var(--awb-color3);--awb-icon-color:var(--awb-color1);--awb-title-color:var(--awb-color1);--awb-content-color:var(--awb-color1);--awb-icon-box-color:var(--awb-color1);--awb-toggle-hover-accent-color:var(--awb-color1);--awb-toggle-active-accent-color:var(--awb-color1);--awb-title-font-family:var(--awb-typography2-font-family);--awb-title-font-weight:var(--awb-typography2-font-weight);--awb-title-font-style:var(--awb-typography2-font-style);--awb-title-font-size:var(--awb-typography2-font-size);--awb-title-letter-spacing:var(--awb-typography2-letter-spacing);--awb-title-line-height:var(--awb-typography2-line-height);--awb-title-text-transform:var(--awb-typography2-text-transform);--awb-content-font-family:var(--awb-typography2-font-family);--awb-content-font-weight:var(--awb-typography2-font-weight);--awb-content-font-style:var(--awb-typography2-font-style);\"><div class=\"panel-group fusion-toggle-icon-right fusion-toggle-icon-unboxed\" id=\"accordion-2338-1\"><div class=\"fusion-panel panel-default panel-850c1dbab4109b10b fusion-toggle-no-divider fusion-toggle-boxed-mode\" style=\"--awb-title-color:var(--awb-color1);\"><div class=\"panel-heading\"><h4 class=\"panel-title toggle\" id=\"toggle_850c1dbab4109b10b\"><a aria-expanded=\"false\" aria-controls=\"850c1dbab4109b10b\" role=\"button\" data-toggle=\"collapse\" data-parent=\"#accordion-2338-1\" data-target=\"#850c1dbab4109b10b\" href=\"#850c1dbab4109b10b\"><span class=\"fusion-toggle-icon-wrapper\" aria-hidden=\"true\"><i class=\"fa-fusion-box active-icon fa-arrow-alt-circle-up far\" aria-hidden=\"true\"><\/i><i class=\"fa-fusion-box inactive-icon fa-arrow-alt-circle-down far\" aria-hidden=\"true\"><\/i><\/span><span class=\"fusion-toggle-heading\">Conseil d'utilisation :<\/span><\/a><\/h4><\/div><div id=\"850c1dbab4109b10b\" class=\"panel-collapse collapse \" aria-labelledby=\"toggle_850c1dbab4109b10b\"><div class=\"panel-body toggle-content fusion-clearfix\">\n<div dir=\"auto\" style=\"text-align: left;\">\n<div dir=\"auto\">\n<div dir=\"auto\">\n<div dir=\"auto\">\n<div dir=\"auto\">\n<div dir=\"auto\">\n<div dir=\"auto\">\n<div dir=\"auto\">\n<div dir=\"auto\">\n<div dir=\"auto\">\n<div dir=\"auto\">\n<div dir=\"auto\">\n<div dir=\"auto\">\n<div dir=\"auto\">Saupoudrez ou frottez l\u2019herbe \u00e0 chat sur les jouets, le griffoir ou l\u2019arbre \u00e0 chat de votre compagnon pour un effet euphorisant.&nbsp;<\/div>\n<div dir=\"auto\">Il est \u00e9galement possible de glisser de l\u2019herbe \u00e0 chat dans son panier pour une diffusion plus lente.<\/div>\n<div dir=\"auto\">Si votre chat est sujet au stress lors d\u2019un changement (visite v\u00e9t\u00e9rinaire, d\u00e9m\u00e9nagement&#8230;), saupoudrez un peu d\u2019herbe \u00e0 chat s\u00e9ch\u00e9e dans sa caisse de transport pour le d\u00e9tendre<\/div>\n<\/div>\n<\/div>\n<\/div>\n<\/div>\n<\/div>\n<\/div>\n<\/div>\n<\/div>\n<\/div>\n<\/div>\n<\/div>\n<\/div>\n<\/div>\n<\/div><\/div><\/div><\/div><\/div><\/div><\/div><\/div><\/div><\/p>\n","protected":false},"excerpt":{"rendered":"","protected":false},"author":1,"featured_media":0,"parent":0,"menu_order":0,"comment_status":"closed","ping_status":"closed","template":"","meta":{"footnotes":""},"class_list":["post-2338","page","type-page","status-publish","hentry"],"yoast_head":"<!-- This site is optimized with the Yoast SEO plugin v27.5 - https:\/\/yoast.com\/product\/yoast-seo-wordpress\/ -->\n<title>Herbe \u00e0 chat 50g - crocetnous.fr<\/title>\n<meta name=\"robots\" content=\"index, follow, max-snippet:-1, max-image-preview:large, max-video-preview:-1\" \/>\n<link rel=\"canonical\" href=\"https:\/\/crocetnous.fr\/?page_id=2338\" \/>\n<meta property=\"og:locale\" content=\"fr_FR\" \/>\n<meta property=\"og:type\" content=\"article\" \/>\n<meta property=\"og:title\" content=\"Herbe \u00e0 chat 50g - crocetnous.fr\" \/>\n<meta property=\"og:url\" content=\"https:\/\/crocetnous.fr\/?page_id=2338\" \/>\n<meta property=\"og:site_name\" content=\"crocetnous.fr\" \/>\n<meta name=\"twitter:card\" content=\"summary_large_image\" \/>\n<meta name=\"twitter:label1\" content=\"Dur\u00e9e de lecture estim\u00e9e\" \/>\n\t<meta name=\"twitter:data1\" content=\"13 minutes\" \/>\n<script type=\"application\/ld+json\" class=\"yoast-schema-graph\">{\"@context\":\"https:\\\/\\\/schema.org\",\"@graph\":[{\"@type\":\"WebPage\",\"@id\":\"https:\\\/\\\/crocetnous.fr\\\/?page_id=2338\",\"url\":\"https:\\\/\\\/crocetnous.fr\\\/?page_id=2338\",\"name\":\"Herbe \u00e0 chat 50g - crocetnous.fr\",\"isPartOf\":{\"@id\":\"https:\\\/\\\/crocetnous.fr\\\/#website\"},\"datePublished\":\"2024-11-28T08:37:10+00:00\",\"breadcrumb\":{\"@id\":\"https:\\\/\\\/crocetnous.fr\\\/?page_id=2338#breadcrumb\"},\"inLanguage\":\"fr-FR\",\"potentialAction\":[{\"@type\":\"ReadAction\",\"target\":[\"https:\\\/\\\/crocetnous.fr\\\/?page_id=2338\"]}]},{\"@type\":\"BreadcrumbList\",\"@id\":\"https:\\\/\\\/crocetnous.fr\\\/?page_id=2338#breadcrumb\",\"itemListElement\":[{\"@type\":\"ListItem\",\"position\":1,\"name\":\"Accueil\",\"item\":\"https:\\\/\\\/crocetnous.fr\\\/\"},{\"@type\":\"ListItem\",\"position\":2,\"name\":\"Herbe \u00e0 chat 50g\"}]},{\"@type\":\"WebSite\",\"@id\":\"https:\\\/\\\/crocetnous.fr\\\/#website\",\"url\":\"https:\\\/\\\/crocetnous.fr\\\/\",\"name\":\"crocetnous.fr\",\"description\":\"\",\"publisher\":{\"@id\":\"https:\\\/\\\/crocetnous.fr\\\/#organization\"},\"potentialAction\":[{\"@type\":\"SearchAction\",\"target\":{\"@type\":\"EntryPoint\",\"urlTemplate\":\"https:\\\/\\\/crocetnous.fr\\\/?s={search_term_string}\"},\"query-input\":{\"@type\":\"PropertyValueSpecification\",\"valueRequired\":true,\"valueName\":\"search_term_string\"}}],\"inLanguage\":\"fr-FR\"},{\"@type\":\"Organization\",\"@id\":\"https:\\\/\\\/crocetnous.fr\\\/#organization\",\"name\":\"crocetnous.fr\",\"url\":\"https:\\\/\\\/crocetnous.fr\\\/\",\"logo\":{\"@type\":\"ImageObject\",\"inLanguage\":\"fr-FR\",\"@id\":\"https:\\\/\\\/crocetnous.fr\\\/#\\\/schema\\\/logo\\\/image\\\/\",\"url\":\"https:\\\/\\\/crocetnous.fr\\\/wp-content\\\/uploads\\\/2023\\\/03\\\/Logo-fond-blanc.png\",\"contentUrl\":\"https:\\\/\\\/crocetnous.fr\\\/wp-content\\\/uploads\\\/2023\\\/03\\\/Logo-fond-blanc.png\",\"width\":473,\"height\":110,\"caption\":\"crocetnous.fr\"},\"image\":{\"@id\":\"https:\\\/\\\/crocetnous.fr\\\/#\\\/schema\\\/logo\\\/image\\\/\"}}]}<\/script>\n<!-- \/ Yoast SEO plugin. -->","yoast_head_json":{"title":"Herbe \u00e0 chat 50g - crocetnous.fr","robots":{"index":"index","follow":"follow","max-snippet":"max-snippet:-1","max-image-preview":"max-image-preview:large","max-video-preview":"max-video-preview:-1"},"canonical":"https:\/\/crocetnous.fr\/?page_id=2338","og_locale":"fr_FR","og_type":"article","og_title":"Herbe \u00e0 chat 50g - crocetnous.fr","og_url":"https:\/\/crocetnous.fr\/?page_id=2338","og_site_name":"crocetnous.fr","twitter_card":"summary_large_image","twitter_misc":{"Dur\u00e9e de lecture estim\u00e9e":"13 minutes"},"schema":{"@context":"https:\/\/schema.org","@graph":[{"@type":"WebPage","@id":"https:\/\/crocetnous.fr\/?page_id=2338","url":"https:\/\/crocetnous.fr\/?page_id=2338","name":"Herbe \u00e0 chat 50g - crocetnous.fr","isPartOf":{"@id":"https:\/\/crocetnous.fr\/#website"},"datePublished":"2024-11-28T08:37:10+00:00","breadcrumb":{"@id":"https:\/\/crocetnous.fr\/?page_id=2338#breadcrumb"},"inLanguage":"fr-FR","potentialAction":[{"@type":"ReadAction","target":["https:\/\/crocetnous.fr\/?page_id=2338"]}]},{"@type":"BreadcrumbList","@id":"https:\/\/crocetnous.fr\/?page_id=2338#breadcrumb","itemListElement":[{"@type":"ListItem","position":1,"name":"Accueil","item":"https:\/\/crocetnous.fr\/"},{"@type":"ListItem","position":2,"name":"Herbe \u00e0 chat 50g"}]},{"@type":"WebSite","@id":"https:\/\/crocetnous.fr\/#website","url":"https:\/\/crocetnous.fr\/","name":"crocetnous.fr","description":"","publisher":{"@id":"https:\/\/crocetnous.fr\/#organization"},"potentialAction":[{"@type":"SearchAction","target":{"@type":"EntryPoint","urlTemplate":"https:\/\/crocetnous.fr\/?s={search_term_string}"},"query-input":{"@type":"PropertyValueSpecification","valueRequired":true,"valueName":"search_term_string"}}],"inLanguage":"fr-FR"},{"@type":"Organization","@id":"https:\/\/crocetnous.fr\/#organization","name":"crocetnous.fr","url":"https:\/\/crocetnous.fr\/","logo":{"@type":"ImageObject","inLanguage":"fr-FR","@id":"https:\/\/crocetnous.fr\/#\/schema\/logo\/image\/","url":"https:\/\/crocetnous.fr\/wp-content\/uploads\/2023\/03\/Logo-fond-blanc.png","contentUrl":"https:\/\/crocetnous.fr\/wp-content\/uploads\/2023\/03\/Logo-fond-blanc.png","width":473,"height":110,"caption":"crocetnous.fr"},"image":{"@id":"https:\/\/crocetnous.fr\/#\/schema\/logo\/image\/"}}]}},"_links":{"self":[{"href":"https:\/\/crocetnous.fr\/index.php?rest_route=\/wp\/v2\/pages\/2338","targetHints":{"allow":["GET"]}}],"collection":[{"href":"https:\/\/crocetnous.fr\/index.php?rest_route=\/wp\/v2\/pages"}],"about":[{"href":"https:\/\/crocetnous.fr\/index.php?rest_route=\/wp\/v2\/types\/page"}],"author":[{"embeddable":true,"href":"https:\/\/crocetnous.fr\/index.php?rest_route=\/wp\/v2\/users\/1"}],"replies":[{"embeddable":true,"href":"https:\/\/crocetnous.fr\/index.php?rest_route=%2Fwp%2Fv2%2Fcomments&post=2338"}],"version-history":[{"count":3,"href":"https:\/\/crocetnous.fr\/index.php?rest_route=\/wp\/v2\/pages\/2338\/revisions"}],"predecessor-version":[{"id":2342,"href":"https:\/\/crocetnous.fr\/index.php?rest_route=\/wp\/v2\/pages\/2338\/revisions\/2342"}],"wp:attachment":[{"href":"https:\/\/crocetnous.fr\/index.php?rest_route=%2Fwp%2Fv2%2Fmedia&parent=2338"}],"curies":[{"name":"wp","href":"https:\/\/api.w.org\/{rel}","templated":true}]}}