{"id":1470,"date":"2023-03-20T22:04:53","date_gmt":"2023-03-20T22:04:53","guid":{"rendered":"https:\/\/crocetnous.fr\/?page_id=1470"},"modified":"2024-11-28T15:48:24","modified_gmt":"2024-11-28T15:48:24","slug":"patees-friandises-et-complements-alimentaires","status":"publish","type":"page","link":"https:\/\/crocetnous.fr\/?page_id=1470","title":{"rendered":"Cat\u00e9gorie produit pour chat Pat\u00e9es friandises et compl\u00e9ments alimentaires"},"content":{"rendered":"<div class=\"fusion-fullwidth fullwidth-box fusion-builder-row-1 fusion-flex-container has-pattern-background has-mask-background nonhundred-percent-fullwidth non-hundred-percent-height-scrolling\" style=\"--awb-border-radius-top-left:0px;--awb-border-radius-top-right:0px;--awb-border-radius-bottom-right:0px;--awb-border-radius-bottom-left:0px;--awb-padding-top:0px;--awb-margin-top:-35px;--awb-flex-wrap:wrap;\" ><div class=\"fusion-builder-row fusion-row fusion-flex-align-items-flex-start fusion-flex-content-wrap\" style=\"max-width:1216.8px;margin-left: calc(-4% \/ 2 );margin-right: calc(-4% \/ 2 );\"><div class=\"fusion-layout-column fusion_builder_column fusion-builder-column-0 fusion_builder_column_1_1 1_1 fusion-flex-column\" style=\"--awb-padding-bottom-small:8px;--awb-bg-size:cover;--awb-width-large:100%;--awb-margin-top-large:0px;--awb-spacing-right-large:1.92%;--awb-margin-bottom-large:15px;--awb-spacing-left-large:1.92%;--awb-width-medium:100%;--awb-order-medium:0;--awb-spacing-right-medium:1.92%;--awb-spacing-left-medium:1.92%;--awb-width-small:100%;--awb-order-small:0;--awb-spacing-right-small:1.92%;--awb-margin-bottom-small:18px;--awb-spacing-left-small:1.92%;\"><div class=\"fusion-column-wrapper fusion-column-has-shadow fusion-flex-justify-content-flex-start fusion-content-layout-column\"><div class=\"awb-gallery-wrapper awb-gallery-wrapper-1 button-span-no\" style=\"--more-btn-alignment:flex-start;\" data-limit=\"25\" data-page=\"1\"><div style=\"margin:-12px;--awb-aspect-ratio:1 \/ 1;--awb-bordersize:4px;--awb-bordercolor:var(--awb-color4);--awb-border-radius:12px;--awb-caption-title-color:#141617;--awb-caption-title-size:18px;--awb-caption-title-line-height:24px;--awb-caption-title-letter-spacing:0px;--awb-caption-text-color:#141617;--awb-caption-text-size:var(--awb-typography5-font-size);--awb-caption-text-line-height:var(--awb-typography5-line-height);--awb-caption-text-letter-spacing:var(--awb-typography5-letter-spacing);--awb-caption-border-color:var(--awb-color4);--awb-caption-overlay-color:var(--awb-color1);--awb-caption-background-color:#ffffff;--awb-caption-title-font-family:&quot;Source Sans Pro&quot;;--awb-caption-title-font-style:normal;--awb-caption-title-font-weight:600;--awb-caption-text-font-family:var(--awb-typography5-font-family);--awb-caption-text-font-weight:var(--awb-typography5-font-weight);--awb-caption-text-font-style:var(--awb-typography5-font-style);--awb-columns-small:50%;\" class=\"fusion-gallery fusion-gallery-container fusion-grid-3 fusion-columns-total-9 fusion-gallery-layout-grid fusion-gallery-1 has-aspect-ratio\"><div style=\"padding:12.5px;\" class=\"fusion-grid-column fusion-gallery-column fusion-gallery-column-3 awb-imageframe-style awb-imageframe-style-above awb-imageframe-style-1\"><div class=\"awb-imageframe-caption-container\" style=\"text-align:center;\"><div class=\"awb-imageframe-caption\"><div class=\"awb-imageframe-caption-title\">8kg 33,30\u20ac \/ 3kg 17,90\u20ac<\/div><\/div><\/div><div class=\"fusion-gallery-image fusion-gallery-image-liftup\"><a href=\"https:\/\/crocetnous.fr\/?page_id=1438\" target=\"_self\"><img decoding=\"async\" src=\"https:\/\/crocetnous.fr\/wp-content\/uploads\/2023\/03\/CLASSIC-FELIN-ADULTE-VOLAILLE.png\" data-orig-src=\"https:\/\/crocetnous.fr\/wp-content\/uploads\/2023\/03\/CLASSIC-FELIN-ADULTE-VOLAILLE.png\" width=\"695\" height=\"670\" alt=\"\" title=\"CLASSIC FELIN ADULTE VOLAILLE\" aria-label=\"CLASSIC FELIN ADULTE VOLAILLE\" class=\"lazyload img-responsive wp-image-1552\" srcset=\"data:image\/svg+xml,%3Csvg%20xmlns%3D%27http%3A%2F%2Fwww.w3.org%2F2000%2Fsvg%27%20width%3D%27695%27%20height%3D%27670%27%20viewBox%3D%270%200%20695%20670%27%3E%3Crect%20width%3D%27695%27%20height%3D%27670%27%20fill-opacity%3D%220%22%2F%3E%3C%2Fsvg%3E\" data-srcset=\"https:\/\/crocetnous.fr\/wp-content\/uploads\/2023\/03\/CLASSIC-FELIN-ADULTE-VOLAILLE-200x193.png 200w, https:\/\/crocetnous.fr\/wp-content\/uploads\/2023\/03\/CLASSIC-FELIN-ADULTE-VOLAILLE-400x386.png 400w, https:\/\/crocetnous.fr\/wp-content\/uploads\/2023\/03\/CLASSIC-FELIN-ADULTE-VOLAILLE-600x578.png 600w, https:\/\/crocetnous.fr\/wp-content\/uploads\/2023\/03\/CLASSIC-FELIN-ADULTE-VOLAILLE.png 695w\" data-sizes=\"auto\" data-orig-sizes=\"(min-width: 2200px) 100vw, (min-width: 824px) 382px, (min-width: 732px) 573px, (min-width: 640px) 732px, \" \/><\/a><\/div><\/div><div style=\"padding:12.5px;\" class=\"fusion-grid-column fusion-gallery-column fusion-gallery-column-3 awb-imageframe-style awb-imageframe-style-above awb-imageframe-style-1\"><div class=\"awb-imageframe-caption-container\" style=\"text-align:center;\"><div class=\"awb-imageframe-caption\"><div class=\"awb-imageframe-caption-title\">8kg 33,30\u20ac \/ 3kg 17,90\u20ac<\/div><\/div><\/div><div class=\"fusion-gallery-image fusion-gallery-image-liftup\"><a href=\"https:\/\/crocetnous.fr\/?page_id=1444\" target=\"_self\"><img decoding=\"async\" src=\"https:\/\/crocetnous.fr\/wp-content\/uploads\/2023\/03\/CLASSIC-FELIN-ADULTE-SAUMON.png\" data-orig-src=\"https:\/\/crocetnous.fr\/wp-content\/uploads\/2023\/03\/CLASSIC-FELIN-ADULTE-SAUMON.png\" width=\"695\" height=\"670\" alt=\"\" title=\"CLASSIC FELIN ADULTE SAUMON\" aria-label=\"CLASSIC FELIN ADULTE SAUMON\" class=\"lazyload img-responsive wp-image-1549\" srcset=\"data:image\/svg+xml,%3Csvg%20xmlns%3D%27http%3A%2F%2Fwww.w3.org%2F2000%2Fsvg%27%20width%3D%27695%27%20height%3D%27670%27%20viewBox%3D%270%200%20695%20670%27%3E%3Crect%20width%3D%27695%27%20height%3D%27670%27%20fill-opacity%3D%220%22%2F%3E%3C%2Fsvg%3E\" data-srcset=\"https:\/\/crocetnous.fr\/wp-content\/uploads\/2023\/03\/CLASSIC-FELIN-ADULTE-SAUMON-200x193.png 200w, https:\/\/crocetnous.fr\/wp-content\/uploads\/2023\/03\/CLASSIC-FELIN-ADULTE-SAUMON-400x386.png 400w, https:\/\/crocetnous.fr\/wp-content\/uploads\/2023\/03\/CLASSIC-FELIN-ADULTE-SAUMON-600x578.png 600w, https:\/\/crocetnous.fr\/wp-content\/uploads\/2023\/03\/CLASSIC-FELIN-ADULTE-SAUMON.png 695w\" data-sizes=\"auto\" data-orig-sizes=\"(min-width: 2200px) 100vw, (min-width: 824px) 382px, (min-width: 732px) 573px, (min-width: 640px) 732px, \" \/><\/a><\/div><\/div><div style=\"padding:12.5px;\" class=\"fusion-grid-column fusion-gallery-column fusion-gallery-column-3 awb-imageframe-style awb-imageframe-style-above awb-imageframe-style-1\"><div class=\"awb-imageframe-caption-container\" style=\"text-align:center;\"><div class=\"awb-imageframe-caption\"><div class=\"awb-imageframe-caption-title\">3kg 18,90\u20ac<\/div><\/div><\/div><div class=\"fusion-gallery-image fusion-gallery-image-liftup\"><a href=\"https:\/\/crocetnous.fr\/?page_id=1457\" target=\"_self\"><img decoding=\"async\" src=\"https:\/\/crocetnous.fr\/wp-content\/uploads\/2023\/03\/CLASSIC-FELIN-CHATON.png\" data-orig-src=\"https:\/\/crocetnous.fr\/wp-content\/uploads\/2023\/03\/CLASSIC-FELIN-CHATON.png\" width=\"695\" height=\"670\" alt=\"\" title=\"CLASSIC FELIN &#8211; CHATON\" aria-label=\"CLASSIC FELIN &#8211; CHATON\" class=\"lazyload img-responsive wp-image-1553\" srcset=\"data:image\/svg+xml,%3Csvg%20xmlns%3D%27http%3A%2F%2Fwww.w3.org%2F2000%2Fsvg%27%20width%3D%27695%27%20height%3D%27670%27%20viewBox%3D%270%200%20695%20670%27%3E%3Crect%20width%3D%27695%27%20height%3D%27670%27%20fill-opacity%3D%220%22%2F%3E%3C%2Fsvg%3E\" data-srcset=\"https:\/\/crocetnous.fr\/wp-content\/uploads\/2023\/03\/CLASSIC-FELIN-CHATON-200x193.png 200w, https:\/\/crocetnous.fr\/wp-content\/uploads\/2023\/03\/CLASSIC-FELIN-CHATON-400x386.png 400w, https:\/\/crocetnous.fr\/wp-content\/uploads\/2023\/03\/CLASSIC-FELIN-CHATON-600x578.png 600w, https:\/\/crocetnous.fr\/wp-content\/uploads\/2023\/03\/CLASSIC-FELIN-CHATON.png 695w\" data-sizes=\"auto\" data-orig-sizes=\"(min-width: 2200px) 100vw, (min-width: 824px) 382px, (min-width: 732px) 573px, (min-width: 640px) 732px, \" \/><\/a><\/div><\/div><div class=\"clearfix\"><\/div><div style=\"padding:12.5px;\" class=\"fusion-grid-column fusion-gallery-column fusion-gallery-column-3 awb-imageframe-style awb-imageframe-style-above awb-imageframe-style-1\"><div class=\"awb-imageframe-caption-container\" style=\"text-align:center;\"><div class=\"awb-imageframe-caption\"><div class=\"awb-imageframe-caption-title\">3kg 27,50\u20ac<\/div><\/div><\/div><div class=\"fusion-gallery-image fusion-gallery-image-liftup\"><a href=\"https:\/\/crocetnous.fr\/?page_id=2256\" target=\"_self\"><img decoding=\"async\" src=\"https:\/\/crocetnous.fr\/wp-content\/uploads\/2024\/11\/chat-urinaire.webp\" data-orig-src=\"https:\/\/crocetnous.fr\/wp-content\/uploads\/2024\/11\/chat-urinaire.webp\" width=\"445\" height=\"445\" alt=\"\" title=\"chat-urinaire\" aria-label=\"chat-urinaire\" class=\"lazyload img-responsive wp-image-2254\" srcset=\"data:image\/svg+xml,%3Csvg%20xmlns%3D%27http%3A%2F%2Fwww.w3.org%2F2000%2Fsvg%27%20width%3D%27445%27%20height%3D%27445%27%20viewBox%3D%270%200%20445%20445%27%3E%3Crect%20width%3D%27445%27%20height%3D%27445%27%20fill-opacity%3D%220%22%2F%3E%3C%2Fsvg%3E\" data-srcset=\"https:\/\/crocetnous.fr\/wp-content\/uploads\/2024\/11\/chat-urinaire-200x200.webp 200w, https:\/\/crocetnous.fr\/wp-content\/uploads\/2024\/11\/chat-urinaire-400x400.webp 400w, https:\/\/crocetnous.fr\/wp-content\/uploads\/2024\/11\/chat-urinaire.webp 445w\" data-sizes=\"auto\" data-orig-sizes=\"(min-width: 2200px) 100vw, (min-width: 824px) 382px, (min-width: 732px) 573px, (min-width: 640px) 732px, \" \/><\/a><\/div><\/div><div style=\"padding:12.5px;\" class=\"fusion-grid-column fusion-gallery-column fusion-gallery-column-3 awb-imageframe-style awb-imageframe-style-above awb-imageframe-style-1\"><div class=\"awb-imageframe-caption-container\" style=\"text-align:center;\"><div class=\"awb-imageframe-caption\"><div class=\"awb-imageframe-caption-title\">8kg 35,10\u20ac \/ 3kg 20,70\u20ac<\/div><\/div><\/div><div class=\"fusion-gallery-image fusion-gallery-image-liftup\"><a href=\"https:\/\/crocetnous.fr\/?page_id=1454\" target=\"_self\"><img decoding=\"async\" src=\"https:\/\/crocetnous.fr\/wp-content\/uploads\/2023\/03\/CLASSIC-FELIN-ADULTE-SENSITIVE.png\" data-orig-src=\"https:\/\/crocetnous.fr\/wp-content\/uploads\/2023\/03\/CLASSIC-FELIN-ADULTE-SENSITIVE.png\" width=\"695\" height=\"670\" alt=\"\" title=\"CLASSIC FELIN ADULTE SENSITIVE\" aria-label=\"CLASSIC FELIN ADULTE SENSITIVE\" class=\"lazyload img-responsive wp-image-1551\" srcset=\"data:image\/svg+xml,%3Csvg%20xmlns%3D%27http%3A%2F%2Fwww.w3.org%2F2000%2Fsvg%27%20width%3D%27695%27%20height%3D%27670%27%20viewBox%3D%270%200%20695%20670%27%3E%3Crect%20width%3D%27695%27%20height%3D%27670%27%20fill-opacity%3D%220%22%2F%3E%3C%2Fsvg%3E\" data-srcset=\"https:\/\/crocetnous.fr\/wp-content\/uploads\/2023\/03\/CLASSIC-FELIN-ADULTE-SENSITIVE-200x193.png 200w, https:\/\/crocetnous.fr\/wp-content\/uploads\/2023\/03\/CLASSIC-FELIN-ADULTE-SENSITIVE-400x386.png 400w, https:\/\/crocetnous.fr\/wp-content\/uploads\/2023\/03\/CLASSIC-FELIN-ADULTE-SENSITIVE-600x578.png 600w, https:\/\/crocetnous.fr\/wp-content\/uploads\/2023\/03\/CLASSIC-FELIN-ADULTE-SENSITIVE.png 695w\" data-sizes=\"auto\" data-orig-sizes=\"(min-width: 2200px) 100vw, (min-width: 824px) 382px, (min-width: 732px) 573px, (min-width: 640px) 732px, \" \/><\/a><\/div><\/div><div style=\"padding:12.5px;\" class=\"fusion-grid-column fusion-gallery-column fusion-gallery-column-3 awb-imageframe-style awb-imageframe-style-above awb-imageframe-style-1\"><div class=\"awb-imageframe-caption-container\" style=\"text-align:center;\"><div class=\"awb-imageframe-caption\"><div class=\"awb-imageframe-caption-title\">8kg 6,90\u20ac<\/div><\/div><\/div><div class=\"fusion-gallery-image fusion-gallery-image-liftup\"><a href=\"https:\/\/crocetnous.fr\/?page_id=1514\" target=\"_self\"><img decoding=\"async\" src=\"https:\/\/crocetnous.fr\/wp-content\/uploads\/2023\/03\/Litere-compacte-agglo-sac-8-kg.png\" data-orig-src=\"https:\/\/crocetnous.fr\/wp-content\/uploads\/2023\/03\/Litere-compacte-agglo-sac-8-kg.png\" width=\"695\" height=\"670\" alt=\"\" title=\"Litere-compacte-agglo-sac-8-kg\" aria-label=\"Litere-compacte-agglo-sac-8-kg\" class=\"lazyload img-responsive wp-image-1554\" srcset=\"data:image\/svg+xml,%3Csvg%20xmlns%3D%27http%3A%2F%2Fwww.w3.org%2F2000%2Fsvg%27%20width%3D%27695%27%20height%3D%27670%27%20viewBox%3D%270%200%20695%20670%27%3E%3Crect%20width%3D%27695%27%20height%3D%27670%27%20fill-opacity%3D%220%22%2F%3E%3C%2Fsvg%3E\" data-srcset=\"https:\/\/crocetnous.fr\/wp-content\/uploads\/2023\/03\/Litere-compacte-agglo-sac-8-kg-200x193.png 200w, https:\/\/crocetnous.fr\/wp-content\/uploads\/2023\/03\/Litere-compacte-agglo-sac-8-kg-400x386.png 400w, https:\/\/crocetnous.fr\/wp-content\/uploads\/2023\/03\/Litere-compacte-agglo-sac-8-kg-600x578.png 600w, https:\/\/crocetnous.fr\/wp-content\/uploads\/2023\/03\/Litere-compacte-agglo-sac-8-kg.png 695w\" data-sizes=\"auto\" data-orig-sizes=\"(min-width: 2200px) 100vw, (min-width: 824px) 382px, (min-width: 732px) 573px, (min-width: 640px) 732px, \" \/><\/a><\/div><\/div><div class=\"clearfix\"><\/div><div style=\"padding:12.5px;\" class=\"fusion-grid-column fusion-gallery-column fusion-gallery-column-3 awb-imageframe-style awb-imageframe-style-above awb-imageframe-style-1\"><div class=\"awb-imageframe-caption-container\" style=\"text-align:center;\"><div class=\"awb-imageframe-caption\"><div class=\"awb-imageframe-caption-title\">6kg 44,90\u20ac<\/div><\/div><\/div><div class=\"fusion-gallery-image fusion-gallery-image-liftup\"><a href=\"https:\/\/crocetnous.fr\/?page_id=2236\" target=\"_self\"><img decoding=\"async\" src=\"https:\/\/crocetnous.fr\/wp-content\/uploads\/2024\/11\/grandes-races-sans-cereales.webp\" data-orig-src=\"https:\/\/crocetnous.fr\/wp-content\/uploads\/2024\/11\/grandes-races-sans-cereales.webp\" width=\"445\" height=\"445\" alt=\"\" title=\"grandes-races-sans-cereales\" aria-label=\"grandes-races-sans-cereales\" class=\"lazyload img-responsive wp-image-2244\" srcset=\"data:image\/svg+xml,%3Csvg%20xmlns%3D%27http%3A%2F%2Fwww.w3.org%2F2000%2Fsvg%27%20width%3D%27445%27%20height%3D%27445%27%20viewBox%3D%270%200%20445%20445%27%3E%3Crect%20width%3D%27445%27%20height%3D%27445%27%20fill-opacity%3D%220%22%2F%3E%3C%2Fsvg%3E\" data-srcset=\"https:\/\/crocetnous.fr\/wp-content\/uploads\/2024\/11\/grandes-races-sans-cereales-200x200.webp 200w, https:\/\/crocetnous.fr\/wp-content\/uploads\/2024\/11\/grandes-races-sans-cereales-400x400.webp 400w, https:\/\/crocetnous.fr\/wp-content\/uploads\/2024\/11\/grandes-races-sans-cereales.webp 445w\" data-sizes=\"auto\" data-orig-sizes=\"(min-width: 2200px) 100vw, (min-width: 824px) 382px, (min-width: 732px) 573px, (min-width: 640px) 732px, \" \/><\/a><\/div><\/div><div style=\"padding:12.5px;\" class=\"fusion-grid-column fusion-gallery-column fusion-gallery-column-3 awb-imageframe-style awb-imageframe-style-above awb-imageframe-style-1\"><div class=\"awb-imageframe-caption-container\" style=\"text-align:center;\"><div class=\"awb-imageframe-caption\"><div class=\"awb-imageframe-caption-title\">3kg 23,60\u20ac<\/div><\/div><\/div><div class=\"fusion-gallery-image fusion-gallery-image-liftup\"><a href=\"https:\/\/crocetnous.fr\/?page_id=2248\" target=\"_self\"><img decoding=\"async\" src=\"https:\/\/crocetnous.fr\/wp-content\/uploads\/2024\/11\/chat-senior-poulet.webp\" data-orig-src=\"https:\/\/crocetnous.fr\/wp-content\/uploads\/2024\/11\/chat-senior-poulet.webp\" width=\"445\" height=\"445\" alt=\"\" title=\"chat-senior-poulet\" aria-label=\"chat-senior-poulet\" class=\"lazyload img-responsive wp-image-2238\" srcset=\"data:image\/svg+xml,%3Csvg%20xmlns%3D%27http%3A%2F%2Fwww.w3.org%2F2000%2Fsvg%27%20width%3D%27445%27%20height%3D%27445%27%20viewBox%3D%270%200%20445%20445%27%3E%3Crect%20width%3D%27445%27%20height%3D%27445%27%20fill-opacity%3D%220%22%2F%3E%3C%2Fsvg%3E\" data-srcset=\"https:\/\/crocetnous.fr\/wp-content\/uploads\/2024\/11\/chat-senior-poulet-200x200.webp 200w, https:\/\/crocetnous.fr\/wp-content\/uploads\/2024\/11\/chat-senior-poulet-400x400.webp 400w, https:\/\/crocetnous.fr\/wp-content\/uploads\/2024\/11\/chat-senior-poulet.webp 445w\" data-sizes=\"auto\" data-orig-sizes=\"(min-width: 2200px) 100vw, (min-width: 824px) 382px, (min-width: 732px) 573px, (min-width: 640px) 732px, \" \/><\/a><\/div><\/div><div style=\"padding:12.5px;\" class=\"fusion-grid-column fusion-gallery-column fusion-gallery-column-3 awb-imageframe-style awb-imageframe-style-above awb-imageframe-style-1\"><div class=\"awb-imageframe-caption-container\" style=\"text-align:center;\"><div class=\"awb-imageframe-caption\"><div class=\"awb-imageframe-caption-title\">3kg 26,70\u20ac<\/div><\/div><\/div><div class=\"fusion-gallery-image fusion-gallery-image-liftup\"><a href=\"https:\/\/crocetnous.fr\/?page_id=2227\" target=\"_self\"><img decoding=\"async\" src=\"https:\/\/crocetnous.fr\/wp-content\/uploads\/2024\/11\/chaton-sterilise-sans-cereales.webp\" data-orig-src=\"https:\/\/crocetnous.fr\/wp-content\/uploads\/2024\/11\/chaton-sterilise-sans-cereales.webp\" width=\"445\" height=\"445\" alt=\"\" title=\"chaton-sterilise-sans-cereales\" aria-label=\"chaton-sterilise-sans-cereales\" class=\"lazyload img-responsive wp-image-2233\" srcset=\"data:image\/svg+xml,%3Csvg%20xmlns%3D%27http%3A%2F%2Fwww.w3.org%2F2000%2Fsvg%27%20width%3D%27445%27%20height%3D%27445%27%20viewBox%3D%270%200%20445%20445%27%3E%3Crect%20width%3D%27445%27%20height%3D%27445%27%20fill-opacity%3D%220%22%2F%3E%3C%2Fsvg%3E\" data-srcset=\"https:\/\/crocetnous.fr\/wp-content\/uploads\/2024\/11\/chaton-sterilise-sans-cereales-200x200.webp 200w, https:\/\/crocetnous.fr\/wp-content\/uploads\/2024\/11\/chaton-sterilise-sans-cereales-400x400.webp 400w, https:\/\/crocetnous.fr\/wp-content\/uploads\/2024\/11\/chaton-sterilise-sans-cereales.webp 445w\" data-sizes=\"auto\" data-orig-sizes=\"(min-width: 2200px) 100vw, (min-width: 824px) 382px, (min-width: 732px) 573px, (min-width: 640px) 732px, \" \/><\/a><\/div><\/div><div class=\"clearfix\"><\/div><\/div><\/div><\/div><\/div><\/div><\/div>\n","protected":false},"excerpt":{"rendered":"","protected":false},"author":1,"featured_media":0,"parent":0,"menu_order":0,"comment_status":"closed","ping_status":"closed","template":"","meta":{"footnotes":""},"class_list":["post-1470","page","type-page","status-publish","hentry"],"yoast_head":"<!-- This site is optimized with the Yoast SEO plugin v27.5 - https:\/\/yoast.com\/product\/yoast-seo-wordpress\/ -->\n<title>Cat\u00e9gorie produit pour chat Pat\u00e9es friandises et compl\u00e9ments alimentaires - crocetnous.fr<\/title>\n<meta name=\"description\" content=\"D\u00e9couvrez les meilleures croquettes pour chat sur Croc et nous ! Offrez \u00e0 vos animaux de compagnie une alimentation saine.\" \/>\n<meta name=\"robots\" content=\"index, follow, max-snippet:-1, max-image-preview:large, max-video-preview:-1\" \/>\n<link rel=\"canonical\" href=\"https:\/\/crocetnous.fr\/?page_id=1470\" \/>\n<meta property=\"og:locale\" content=\"fr_FR\" \/>\n<meta property=\"og:type\" content=\"article\" \/>\n<meta property=\"og:title\" content=\"Cat\u00e9gorie produit pour chat Pat\u00e9es friandises et compl\u00e9ments alimentaires - crocetnous.fr\" \/>\n<meta property=\"og:description\" content=\"D\u00e9couvrez les meilleures croquettes pour chat sur Croc et nous ! Offrez \u00e0 vos animaux de compagnie une alimentation saine.\" \/>\n<meta property=\"og:url\" content=\"https:\/\/crocetnous.fr\/?page_id=1470\" \/>\n<meta property=\"og:site_name\" content=\"crocetnous.fr\" \/>\n<meta property=\"article:modified_time\" content=\"2024-11-28T15:48:24+00:00\" \/>\n<meta name=\"twitter:card\" content=\"summary_large_image\" \/>\n<meta name=\"twitter:label1\" content=\"Dur\u00e9e de lecture estim\u00e9e\" \/>\n\t<meta name=\"twitter:data1\" content=\"2 minutes\" \/>\n<script type=\"application\/ld+json\" class=\"yoast-schema-graph\">{\"@context\":\"https:\\\/\\\/schema.org\",\"@graph\":[{\"@type\":\"WebPage\",\"@id\":\"https:\\\/\\\/crocetnous.fr\\\/?page_id=1470\",\"url\":\"https:\\\/\\\/crocetnous.fr\\\/?page_id=1470\",\"name\":\"Cat\u00e9gorie produit pour chat Pat\u00e9es friandises et compl\u00e9ments alimentaires - crocetnous.fr\",\"isPartOf\":{\"@id\":\"https:\\\/\\\/crocetnous.fr\\\/#website\"},\"datePublished\":\"2023-03-20T22:04:53+00:00\",\"dateModified\":\"2024-11-28T15:48:24+00:00\",\"description\":\"D\u00e9couvrez les meilleures croquettes pour chat sur Croc et nous ! Offrez \u00e0 vos animaux de compagnie une alimentation saine.\",\"breadcrumb\":{\"@id\":\"https:\\\/\\\/crocetnous.fr\\\/?page_id=1470#breadcrumb\"},\"inLanguage\":\"fr-FR\",\"potentialAction\":[{\"@type\":\"ReadAction\",\"target\":[\"https:\\\/\\\/crocetnous.fr\\\/?page_id=1470\"]}]},{\"@type\":\"BreadcrumbList\",\"@id\":\"https:\\\/\\\/crocetnous.fr\\\/?page_id=1470#breadcrumb\",\"itemListElement\":[{\"@type\":\"ListItem\",\"position\":1,\"name\":\"Accueil\",\"item\":\"https:\\\/\\\/crocetnous.fr\\\/\"},{\"@type\":\"ListItem\",\"position\":2,\"name\":\"Cat\u00e9gorie produit pour chat Pat\u00e9es friandises et compl\u00e9ments alimentaires\"}]},{\"@type\":\"WebSite\",\"@id\":\"https:\\\/\\\/crocetnous.fr\\\/#website\",\"url\":\"https:\\\/\\\/crocetnous.fr\\\/\",\"name\":\"crocetnous.fr\",\"description\":\"\",\"publisher\":{\"@id\":\"https:\\\/\\\/crocetnous.fr\\\/#organization\"},\"potentialAction\":[{\"@type\":\"SearchAction\",\"target\":{\"@type\":\"EntryPoint\",\"urlTemplate\":\"https:\\\/\\\/crocetnous.fr\\\/?s={search_term_string}\"},\"query-input\":{\"@type\":\"PropertyValueSpecification\",\"valueRequired\":true,\"valueName\":\"search_term_string\"}}],\"inLanguage\":\"fr-FR\"},{\"@type\":\"Organization\",\"@id\":\"https:\\\/\\\/crocetnous.fr\\\/#organization\",\"name\":\"crocetnous.fr\",\"url\":\"https:\\\/\\\/crocetnous.fr\\\/\",\"logo\":{\"@type\":\"ImageObject\",\"inLanguage\":\"fr-FR\",\"@id\":\"https:\\\/\\\/crocetnous.fr\\\/#\\\/schema\\\/logo\\\/image\\\/\",\"url\":\"https:\\\/\\\/crocetnous.fr\\\/wp-content\\\/uploads\\\/2023\\\/03\\\/Logo-fond-blanc.png\",\"contentUrl\":\"https:\\\/\\\/crocetnous.fr\\\/wp-content\\\/uploads\\\/2023\\\/03\\\/Logo-fond-blanc.png\",\"width\":473,\"height\":110,\"caption\":\"crocetnous.fr\"},\"image\":{\"@id\":\"https:\\\/\\\/crocetnous.fr\\\/#\\\/schema\\\/logo\\\/image\\\/\"}}]}<\/script>\n<!-- \/ Yoast SEO plugin. -->","yoast_head_json":{"title":"Cat\u00e9gorie produit pour chat Pat\u00e9es friandises et compl\u00e9ments alimentaires - crocetnous.fr","description":"D\u00e9couvrez les meilleures croquettes pour chat sur Croc et nous ! Offrez \u00e0 vos animaux de compagnie une alimentation saine.","robots":{"index":"index","follow":"follow","max-snippet":"max-snippet:-1","max-image-preview":"max-image-preview:large","max-video-preview":"max-video-preview:-1"},"canonical":"https:\/\/crocetnous.fr\/?page_id=1470","og_locale":"fr_FR","og_type":"article","og_title":"Cat\u00e9gorie produit pour chat Pat\u00e9es friandises et compl\u00e9ments alimentaires - crocetnous.fr","og_description":"D\u00e9couvrez les meilleures croquettes pour chat sur Croc et nous ! Offrez \u00e0 vos animaux de compagnie une alimentation saine.","og_url":"https:\/\/crocetnous.fr\/?page_id=1470","og_site_name":"crocetnous.fr","article_modified_time":"2024-11-28T15:48:24+00:00","twitter_card":"summary_large_image","twitter_misc":{"Dur\u00e9e de lecture estim\u00e9e":"2 minutes"},"schema":{"@context":"https:\/\/schema.org","@graph":[{"@type":"WebPage","@id":"https:\/\/crocetnous.fr\/?page_id=1470","url":"https:\/\/crocetnous.fr\/?page_id=1470","name":"Cat\u00e9gorie produit pour chat Pat\u00e9es friandises et compl\u00e9ments alimentaires - crocetnous.fr","isPartOf":{"@id":"https:\/\/crocetnous.fr\/#website"},"datePublished":"2023-03-20T22:04:53+00:00","dateModified":"2024-11-28T15:48:24+00:00","description":"D\u00e9couvrez les meilleures croquettes pour chat sur Croc et nous ! Offrez \u00e0 vos animaux de compagnie une alimentation saine.","breadcrumb":{"@id":"https:\/\/crocetnous.fr\/?page_id=1470#breadcrumb"},"inLanguage":"fr-FR","potentialAction":[{"@type":"ReadAction","target":["https:\/\/crocetnous.fr\/?page_id=1470"]}]},{"@type":"BreadcrumbList","@id":"https:\/\/crocetnous.fr\/?page_id=1470#breadcrumb","itemListElement":[{"@type":"ListItem","position":1,"name":"Accueil","item":"https:\/\/crocetnous.fr\/"},{"@type":"ListItem","position":2,"name":"Cat\u00e9gorie produit pour chat Pat\u00e9es friandises et compl\u00e9ments alimentaires"}]},{"@type":"WebSite","@id":"https:\/\/crocetnous.fr\/#website","url":"https:\/\/crocetnous.fr\/","name":"crocetnous.fr","description":"","publisher":{"@id":"https:\/\/crocetnous.fr\/#organization"},"potentialAction":[{"@type":"SearchAction","target":{"@type":"EntryPoint","urlTemplate":"https:\/\/crocetnous.fr\/?s={search_term_string}"},"query-input":{"@type":"PropertyValueSpecification","valueRequired":true,"valueName":"search_term_string"}}],"inLanguage":"fr-FR"},{"@type":"Organization","@id":"https:\/\/crocetnous.fr\/#organization","name":"crocetnous.fr","url":"https:\/\/crocetnous.fr\/","logo":{"@type":"ImageObject","inLanguage":"fr-FR","@id":"https:\/\/crocetnous.fr\/#\/schema\/logo\/image\/","url":"https:\/\/crocetnous.fr\/wp-content\/uploads\/2023\/03\/Logo-fond-blanc.png","contentUrl":"https:\/\/crocetnous.fr\/wp-content\/uploads\/2023\/03\/Logo-fond-blanc.png","width":473,"height":110,"caption":"crocetnous.fr"},"image":{"@id":"https:\/\/crocetnous.fr\/#\/schema\/logo\/image\/"}}]}},"_links":{"self":[{"href":"https:\/\/crocetnous.fr\/index.php?rest_route=\/wp\/v2\/pages\/1470","targetHints":{"allow":["GET"]}}],"collection":[{"href":"https:\/\/crocetnous.fr\/index.php?rest_route=\/wp\/v2\/pages"}],"about":[{"href":"https:\/\/crocetnous.fr\/index.php?rest_route=\/wp\/v2\/types\/page"}],"author":[{"embeddable":true,"href":"https:\/\/crocetnous.fr\/index.php?rest_route=\/wp\/v2\/users\/1"}],"replies":[{"embeddable":true,"href":"https:\/\/crocetnous.fr\/index.php?rest_route=%2Fwp%2Fv2%2Fcomments&post=1470"}],"version-history":[{"count":34,"href":"https:\/\/crocetnous.fr\/index.php?rest_route=\/wp\/v2\/pages\/1470\/revisions"}],"predecessor-version":[{"id":2417,"href":"https:\/\/crocetnous.fr\/index.php?rest_route=\/wp\/v2\/pages\/1470\/revisions\/2417"}],"wp:attachment":[{"href":"https:\/\/crocetnous.fr\/index.php?rest_route=%2Fwp%2Fv2%2Fmedia&parent=1470"}],"curies":[{"name":"wp","href":"https:\/\/api.w.org\/{rel}","templated":true}]}}